{"id":29,"date":"2015-12-13T18:15:28","date_gmt":"2015-12-13T17:15:28","guid":{"rendered":"http:\/\/www.liemehna.de\/wordpress\/?page_id=29"},"modified":"2024-08-16T18:17:11","modified_gmt":"2024-08-16T16:17:11","slug":"sv-liemehna-1992-e-v","status":"publish","type":"page","link":"https:\/\/www.liemehna.de\/wordpress\/vereine\/sv-liemehna-1992-e-v\/","title":{"rendered":"SV LIEMEHNA 1992 e.V."},"content":{"rendered":"<div id=\"pl-29\"  class=\"panel-layout\" ><div id=\"pg-29-0\"  class=\"panel-grid panel-no-style\" ><div id=\"pgc-29-0-0\"  class=\"panel-grid-cell\" ><div id=\"panel-29-0-0-0\" class=\"so-panel widget widget_sow-editor panel-first-child panel-last-child\" data-index=\"0\" ><div\n\t\t\t\n\t\t\tclass=\"so-widget-sow-editor so-widget-sow-editor-base\"\n\t\t\t\n\t\t>\n<div class=\"siteorigin-widget-tinymce textwidget\">\n\t<p><img loading=\"lazy\" decoding=\"async\" class=\"wp-image-605 alignleft\" src=\"http:\/\/www.liemehna.de\/wordpress\/wp-content\/uploads\/2015\/12\/logo_SVL-transp-20130524-261x300.png\" alt=\"logo_SVL-transp-20130524\" width=\"125\" height=\"144\" srcset=\"https:\/\/www.liemehna.de\/wordpress\/wp-content\/uploads\/2015\/12\/logo_SVL-transp-20130524-261x300.png 261w, https:\/\/www.liemehna.de\/wordpress\/wp-content\/uploads\/2015\/12\/logo_SVL-transp-20130524-768x884.png 768w, https:\/\/www.liemehna.de\/wordpress\/wp-content\/uploads\/2015\/12\/logo_SVL-transp-20130524-890x1024.png 890w, https:\/\/www.liemehna.de\/wordpress\/wp-content\/uploads\/2015\/12\/logo_SVL-transp-20130524.png 1120w\" sizes=\"(max-width: 125px) 100vw, 125px\" \/><\/p>\n<p><strong>Sportverein Liemehna 1992 e. V.<br \/>\n<\/strong><\/p>\n<table style=\"border-collapse: collapse; width: 100%;\" border=\"0\">\n<tbody>\n<tr>\n<td style=\"width: 33.3333%;\"><strong>Vorsitzende:<\/strong><\/td>\n<td style=\"width: 33.3333%;\"><strong>Stellvertretende Vorsitzende:<\/strong><\/td>\n<td style=\"width: 33.3333%;\"><strong>Kassenwart:<\/strong><\/td>\n<\/tr>\n<tr>\n<td style=\"width: 33.3333%;\">Carmen Trennert<\/td>\n<td style=\"width: 33.3333%;\">Michaela Schubert<\/td>\n<td style=\"width: 33.3333%;\">Marina Gallios<\/td>\n<\/tr>\n<\/tbody>\n<\/table>\n<p>&nbsp;<\/p>\n<\/div>\n<\/div><\/div><\/div><\/div><div id=\"pg-29-1\"  class=\"panel-grid panel-has-style\" ><div class=\"panel-row-style panel-row-style-for-29-1\" ><div id=\"pgc-29-1-0\"  class=\"panel-grid-cell\" ><div id=\"panel-29-1-0-0\" class=\"so-panel widget widget_sow-editor panel-first-child panel-last-child\" data-index=\"1\" ><div\n\t\t\t\n\t\t\tclass=\"so-widget-sow-editor so-widget-sow-editor-base\"\n\t\t\t\n\t\t>\n<div class=\"siteorigin-widget-tinymce textwidget\">\n\t<div>\n<p><span style=\"color: #000000;\">Der SV Liemehna 1992 e.V. bietet die folgenden Sportgruppen an und freut sich immer \u00fcber neue Mitglieder.<\/span><\/p>\n<p><span style=\"color: #000000;\">Wenn ihr Interesse an einer Sportgruppe habt, dann kommt einfach zur Trainingszeit vorbei oder informiert euch bei dem entsprechenden Ansprechpartner oder den Vorstandsmitgliedern. Jeder Neue in unserer Runde ist herzlichst willkommen!<\/span><\/p>\n<table class=\"alignleft\" style=\"height: 121px; width: 100%; border-collapse: collapse;\" border=\"1\">\n<tbody>\n<tr style=\"height: 25px;\">\n<td style=\"width: 16.6667%; height: 25px; text-align: center;\"><strong>Sportgruppe<\/strong><\/td>\n<td style=\"width: 16.6667%; height: 25px; text-align: center;\"><strong>Trainingszeiten<\/strong><\/td>\n<td style=\"width: 16.6667%; height: 25px; text-align: center;\"><strong>Sportarten<\/strong><\/td>\n<td style=\"width: 16.6667%; height: 25px; text-align: center;\"><strong>Ort<\/strong><\/td>\n<td style=\"width: 16.6667%; height: 25px; text-align: center;\"><strong>\u00dcbungsleiter<\/strong><\/td>\n<\/tr>\n<tr style=\"height: 24px;\">\n<td style=\"width: 16.6667%; height: 24px;\">Frauensport (allgemein)<\/td>\n<td style=\"width: 16.6667%; height: 24px;\">Sommer: Montag ab 19:00 Uhr<\/td>\n<td style=\"width: 16.6667%; height: 24px;\">Volleyball, Walken, Gymnastik u. Radfahren<\/td>\n<td style=\"width: 16.6667%; height: 24px;\">Liemehna: Am Anger<\/td>\n<td style=\"width: 16.6667%; height: 24px;\">Peggy Sch\u00f6tter (Tel-Nr.: 0157 85 06 22 88)<\/td>\n<\/tr>\n<tr style=\"height: 24px;\">\n<td style=\"width: 16.6667%; height: 24px;\">Frauensport (allgemein)<\/td>\n<td style=\"width: 16.6667%; height: 24px;\">Winter: Montag ab 19:30 Uhr<\/td>\n<td style=\"width: 16.6667%; height: 24px;\">Gymnastik, Bauch-Beine-Po, R\u00fccken fit u. Entspannung<\/td>\n<td style=\"width: 16.6667%; height: 24px;\">Liemehna: Gemeindesaal Am Anger<\/td>\n<td style=\"width: 16.6667%; height: 24px;\">Peggy Sch\u00f6tter (Tel-Nr.: 0157 85 06 22 88)<\/td>\n<\/tr>\n<tr>\n<td style=\"width: 16.6667%;\">Kindergruppe Flizzy M\u00e4use (3 bis 7 Jahre)<\/td>\n<td style=\"width: 16.6667%;\">Montag 16:00 - 17:00 Uhr<\/td>\n<td style=\"width: 16.6667%;\">Ballspiele aller Art, Geschicklichkeit, Koordination, Gleichgewicht, Spiele u. \u00dcbungsformen zur F\u00f6rderung der motorischen Leistungsf\u00e4higkeit u. Entspannung<\/td>\n<td style=\"width: 16.6667%;\">Jesewitz: Turnhalle an der Grundschule<\/td>\n<td style=\"width: 16.6667%;\">Michaela Schubert in Unterst\u00fctzung von Carmen Trennert, Meilija Schubert u. Heike Naumann<\/td>\n<\/tr>\n<tr style=\"height: 24px;\">\n<td style=\"width: 16.6667%; height: 24px;\">Allgemeine Kindersportgruppe (ab 8 Jahren)<\/td>\n<td style=\"width: 16.6667%; height: 24px;\">Sommer: Montag 17:00 - 18:00 Uhr<\/td>\n<td style=\"width: 16.6667%; height: 24px;\">Belegung des Deutschen Sportabzeichens: Ausdauer, Kraft, Koordination u. Schnelligkeit<\/p>\n<p>(Fahrradtouren, Kinderspiele, Ball\u00fcbungen, Kinderspiele u. Entspannung)<\/p>\n<\/td>\n<td style=\"width: 16.6667%; height: 24px;\">Liemehna: Am Anger<\/td>\n<td style=\"width: 16.6667%; height: 24px;\">Peggy Sch\u00f6tter<\/td>\n<\/tr>\n<tr style=\"height: 24px;\">\n<td style=\"width: 16.6667%; height: 24px;\">Allgemeine Kindersportgruppe (ab 8 Jahren)<\/td>\n<td style=\"width: 16.6667%; height: 24px;\">Winter: Montag 17:00 - 18:00 Uhr<\/td>\n<td style=\"width: 16.6667%; height: 24px;\">siehe oben<\/td>\n<td style=\"width: 16.6667%; height: 24px;\">Liemehna: Gemeindesaal Am Anger<\/td>\n<td style=\"width: 16.6667%; height: 24px;\">Peggy Sch\u00f6tter<\/td>\n<\/tr>\n<tr>\n<td style=\"width: 16.6667%;\">Seniorengruppe<\/td>\n<td style=\"width: 16.6667%;\">Sommer: Montag 18:00 - 19:00 Uhr<\/td>\n<td style=\"width: 16.6667%;\">Walken, Ball\u00fcbungen u. Radfahren<\/td>\n<td style=\"width: 16.6667%;\">Liemehna: Am Anger<\/td>\n<td style=\"width: 16.6667%;\">Edelgard Menzel<\/td>\n<\/tr>\n<tr>\n<td style=\"width: 16.6667%;\">Seniorengruppe<\/td>\n<td style=\"width: 16.6667%;\">Winter: Montag 18:00 - 19:00 Uhr<\/td>\n<td style=\"width: 16.6667%;\">Gymnastik u. R\u00fccken fit<\/td>\n<td style=\"width: 16.6667%;\">Liemehna: Gemeindesaal Am Anger<\/td>\n<td style=\"width: 16.6667%;\">Edelgard Menzel<\/td>\n<\/tr>\n<\/tbody>\n<\/table>\n<\/div>\n<p>&nbsp;<\/p>\n<h4><\/h4>\n<\/div>\n<\/div><\/div><\/div><\/div><\/div><\/div>","protected":false},"excerpt":{"rendered":"<p>Sportverein Liemehna 1992 e. V. Vorsitzende: Stellvertretende Vorsitzende: Kassenwart: Carmen Trennert Michaela Schubert Marina Gallios &nbsp; Der SV Liemehna 1992 e.V. bietet die folgenden Sportgruppen an und freut sich immer \u00fcber neue Mitglieder. Wenn ihr Interesse an einer Sportgruppe habt,<\/p>\n","protected":false},"author":1,"featured_media":0,"parent":23,"menu_order":0,"comment_status":"closed","ping_status":"closed","template":"","meta":{"_mc_calendar":[],"footnotes":""},"class_list":["post-29","page","type-page","status-publish","hentry"],"_links":{"self":[{"href":"https:\/\/www.liemehna.de\/wordpress\/wp-json\/wp\/v2\/pages\/29"}],"collection":[{"href":"https:\/\/www.liemehna.de\/wordpress\/wp-json\/wp\/v2\/pages"}],"about":[{"href":"https:\/\/www.liemehna.de\/wordpress\/wp-json\/wp\/v2\/types\/page"}],"author":[{"embeddable":true,"href":"https:\/\/www.liemehna.de\/wordpress\/wp-json\/wp\/v2\/users\/1"}],"replies":[{"embeddable":true,"href":"https:\/\/www.liemehna.de\/wordpress\/wp-json\/wp\/v2\/comments?post=29"}],"version-history":[{"count":43,"href":"https:\/\/www.liemehna.de\/wordpress\/wp-json\/wp\/v2\/pages\/29\/revisions"}],"predecessor-version":[{"id":1410,"href":"https:\/\/www.liemehna.de\/wordpress\/wp-json\/wp\/v2\/pages\/29\/revisions\/1410"}],"up":[{"embeddable":true,"href":"https:\/\/www.liemehna.de\/wordpress\/wp-json\/wp\/v2\/pages\/23"}],"wp:attachment":[{"href":"https:\/\/www.liemehna.de\/wordpress\/wp-json\/wp\/v2\/media?parent=29"}],"curies":[{"name":"wp","href":"https:\/\/api.w.org\/{rel}","templated":true}]}}