{"id":21,"date":"2015-12-13T18:13:23","date_gmt":"2015-12-13T17:13:23","guid":{"rendered":"http:\/\/www.liemehna.de\/wordpress\/?page_id=21"},"modified":"2015-12-13T18:13:23","modified_gmt":"2015-12-13T17:13:23","slug":"ochelmitz","status":"publish","type":"page","link":"https:\/\/www.liemehna.de\/wordpress\/ortsteile\/ochelmitz\/","title":{"rendered":"OCHELMITZ"},"content":{"rendered":"<p style=\"text-align: justify;\"><span style=\"color: #339966;\">Ochelmitz,<\/span> welches genau zwischen Liemehna und Gallen liegt, wurde an einem H\u00fcgel erbaut. Dieser Ort wurde erstmalig im Jahr 1527 urkundig erw\u00e4hnt.<\/p>\n<p style=\"text-align: justify;\">Der historische Dorfkern ist bis heute erhalten geblieben. Abseits von der ortsdurchf\u00fchrenden Stra\u00dfe wurden kreisf\u00f6rmig Bauerngeh\u00f6fte errichtet, von denen heute noch einige in Bearbeitung sind.<\/p>\n<hr \/>\n<p style=\"text-align: justify;\">Weiterf\u00fchrende Informationen zur Ortschaft Ochelmitz finden Sie im <a href=\"http:\/\/hov.isgv.de\/Ochelmitz\" target=\"_blank\">Digitalen Historischen Ortsverzeichnis von Sachsen<\/a>.<\/p>\n<hr \/>\n<p style=\"text-align: justify;\">\n","protected":false},"excerpt":{"rendered":"<p>Ochelmitz, welches genau zwischen Liemehna und Gallen liegt, wurde an einem H\u00fcgel erbaut. Dieser Ort wurde erstmalig im Jahr 1527 urkundig erw\u00e4hnt. Der historische Dorfkern ist bis heute erhalten geblieben. Abseits von der ortsdurchf\u00fchrenden Stra\u00dfe wurden kreisf\u00f6rmig Bauerngeh\u00f6fte errichtet, von<\/p>\n","protected":false},"author":1,"featured_media":0,"parent":15,"menu_order":0,"comment_status":"closed","ping_status":"closed","template":"","meta":{"_mc_calendar":[],"footnotes":""},"class_list":["post-21","page","type-page","status-publish","hentry"],"_links":{"self":[{"href":"https:\/\/www.liemehna.de\/wordpress\/wp-json\/wp\/v2\/pages\/21"}],"collection":[{"href":"https:\/\/www.liemehna.de\/wordpress\/wp-json\/wp\/v2\/pages"}],"about":[{"href":"https:\/\/www.liemehna.de\/wordpress\/wp-json\/wp\/v2\/types\/page"}],"author":[{"embeddable":true,"href":"https:\/\/www.liemehna.de\/wordpress\/wp-json\/wp\/v2\/users\/1"}],"replies":[{"embeddable":true,"href":"https:\/\/www.liemehna.de\/wordpress\/wp-json\/wp\/v2\/comments?post=21"}],"version-history":[{"count":1,"href":"https:\/\/www.liemehna.de\/wordpress\/wp-json\/wp\/v2\/pages\/21\/revisions"}],"predecessor-version":[{"id":22,"href":"https:\/\/www.liemehna.de\/wordpress\/wp-json\/wp\/v2\/pages\/21\/revisions\/22"}],"up":[{"embeddable":true,"href":"https:\/\/www.liemehna.de\/wordpress\/wp-json\/wp\/v2\/pages\/15"}],"wp:attachment":[{"href":"https:\/\/www.liemehna.de\/wordpress\/wp-json\/wp\/v2\/media?parent=21"}],"curies":[{"name":"wp","href":"https:\/\/api.w.org\/{rel}","templated":true}]}}