{"id":17,"date":"2015-12-13T18:12:11","date_gmt":"2015-12-13T17:12:11","guid":{"rendered":"http:\/\/www.liemehna.de\/wordpress\/?page_id=17"},"modified":"2015-12-13T18:12:11","modified_gmt":"2015-12-13T17:12:11","slug":"gallen","status":"publish","type":"page","link":"https:\/\/www.liemehna.de\/wordpress\/ortsteile\/gallen\/","title":{"rendered":"GALLEN"},"content":{"rendered":"<p style=\"text-align: justify;\"><span style=\"color: #00f000;\"><span style=\"color: #339966;\">Gallen<\/span><span style=\"color: #000000;\"><span style=\"color: #339966;\">,<\/span> mit<\/span><\/span><span style=\"color: #000000;\">\u00a0<\/span>seinem historischem Dorfkern wurde erstmals 1350 unter dem Namen Galinerw\u00e4hnt. Die Ansiedlung des Dorfes \u00e4hnelt denen von Ochelmitz und Liemehna.<\/p>\n<p style=\"text-align: justify;\">Die auf dem Lerchenberg stehende Windm\u00fchle ist vom Besitzer ansehnlich restauriert wurden. Die Kalbisdorfer Teiche sind ein beliebtes Ausflugsgebiet nicht nur f\u00fcr Gallener B\u00fcrger. Auch in diesem Ort entstanden nach der Wende mehrere neue Eigenheime am Dorfrand.<\/p>\n<p style=\"text-align: justify;\">Im Jahr 2000 wurde ein weiteres Wohngebiet \u201eGallen S\u00fcd\u201c mit 28 Eigenheimen erschlossen. Der im Ort gelegen Dorfteich ist ein Blickpunkt f\u00fcr jeden Besucher. Das \u00e4lteste Haus von Gallen befindet sich Im Rundling. Dieses Geb\u00e4ude stammt aus dem Historismus und soll in den n\u00e4chsten Jahren vom Eigent\u00fcmer restauriert werden.<\/p>\n<hr \/>\n<div style=\"text-align: justify;\">\n<p>Weiterf\u00fchrende Informationen zur Ortschaft Gallen finden Sie im <a href=\"http:\/\/hov.isgv.de\/Gallen\" target=\"_blank\">Digitalen Historischen Ortsverzeichnis von Sachsen.<\/a><\/p>\n<hr \/>\n<p>&nbsp;<\/p>\n<\/div>\n","protected":false},"excerpt":{"rendered":"<p>Gallen, mit\u00a0seinem historischem Dorfkern wurde erstmals 1350 unter dem Namen Galinerw\u00e4hnt. Die Ansiedlung des Dorfes \u00e4hnelt denen von Ochelmitz und Liemehna. Die auf dem Lerchenberg stehende Windm\u00fchle ist vom Besitzer ansehnlich restauriert wurden. Die Kalbisdorfer Teiche sind ein beliebtes Ausflugsgebiet<\/p>\n","protected":false},"author":1,"featured_media":0,"parent":15,"menu_order":0,"comment_status":"closed","ping_status":"closed","template":"","meta":{"_mc_calendar":[],"footnotes":""},"class_list":["post-17","page","type-page","status-publish","hentry"],"_links":{"self":[{"href":"https:\/\/www.liemehna.de\/wordpress\/wp-json\/wp\/v2\/pages\/17"}],"collection":[{"href":"https:\/\/www.liemehna.de\/wordpress\/wp-json\/wp\/v2\/pages"}],"about":[{"href":"https:\/\/www.liemehna.de\/wordpress\/wp-json\/wp\/v2\/types\/page"}],"author":[{"embeddable":true,"href":"https:\/\/www.liemehna.de\/wordpress\/wp-json\/wp\/v2\/users\/1"}],"replies":[{"embeddable":true,"href":"https:\/\/www.liemehna.de\/wordpress\/wp-json\/wp\/v2\/comments?post=17"}],"version-history":[{"count":1,"href":"https:\/\/www.liemehna.de\/wordpress\/wp-json\/wp\/v2\/pages\/17\/revisions"}],"predecessor-version":[{"id":18,"href":"https:\/\/www.liemehna.de\/wordpress\/wp-json\/wp\/v2\/pages\/17\/revisions\/18"}],"up":[{"embeddable":true,"href":"https:\/\/www.liemehna.de\/wordpress\/wp-json\/wp\/v2\/pages\/15"}],"wp:attachment":[{"href":"https:\/\/www.liemehna.de\/wordpress\/wp-json\/wp\/v2\/media?parent=17"}],"curies":[{"name":"wp","href":"https:\/\/api.w.org\/{rel}","templated":true}]}}