{"id":154,"date":"2016-02-25T18:03:18","date_gmt":"2016-02-25T17:03:18","guid":{"rendered":"http:\/\/www.liemehna.de\/wordpress\/?page_id=154"},"modified":"2016-02-25T18:19:59","modified_gmt":"2016-02-25T17:19:59","slug":"kultur-und-sportverein-gallen-e-v","status":"publish","type":"page","link":"https:\/\/www.liemehna.de\/wordpress\/vereine\/kultur-und-sportverein-gallen-e-v\/","title":{"rendered":"Kultur und Sportverein Gallen e.V."},"content":{"rendered":"<div id=\"pl-154\"  class=\"panel-layout\" ><div id=\"pg-154-0\"  class=\"panel-grid panel-no-style\" ><div id=\"pgc-154-0-0\"  class=\"panel-grid-cell\" ><div id=\"panel-154-0-0-0\" class=\"so-panel widget widget_sow-editor panel-first-child panel-last-child\" data-index=\"0\" ><div\n\t\t\t\n\t\t\tclass=\"so-widget-sow-editor so-widget-sow-editor-base\"\n\t\t\t\n\t\t>\n<div class=\"siteorigin-widget-tinymce textwidget\">\n\t<table border=\"0\">\n<tbody>\n<tr>\n<td style=\"text-align: center;\"><strong>Standort<\/strong><\/td>\n<td>\u00a0<\/td>\n<td style=\"text-align: center;\"><strong>Postanschrift\u00a0<\/strong><\/td>\n<td>\u00a0<\/td>\n<td style=\"text-align: center;\"><strong>Vorstand<\/strong><\/td>\n<\/tr>\n<tr>\n<td>Kultur und Sportverein Gallen e.V.<\/td>\n<td>\u00a0<\/td>\n<td>\u00a0Joachim Andersch<\/td>\n<td>\u00a0<\/td>\n<td>\u00a0Joachim Andersch<\/td>\n<\/tr>\n<tr>\n<td>Kospaer Str. 7b<\/td>\n<td>\u00a0<\/td>\n<td>\u00a0Im Rundling 1<\/td>\n<td>\u00a0<\/td>\n<td>\u00a0Karsten Jaretzke<\/td>\n<\/tr>\n<tr>\n<td>04838 Jesewitz OT Gallen<\/td>\n<td>\u00a0<\/td>\n<td>\u00a004838 Jesewitz OT Gallen<\/td>\n<td>\u00a0<\/td>\n<td>\u00a0Andrea Grolms<\/td>\n<\/tr>\n<tr>\n<td>\u00a0<\/td>\n<td>\u00a0<\/td>\n<td>\u00a0<\/td>\n<td>\u00a0<\/td>\n<td>\u00a0Fred Gorczak<\/td>\n<\/tr>\n<\/tbody>\n<\/table>\n<p>Gegr\u00fcndet 2005<\/p>\n<p>Aufgaben (Auszug aus der Satzung):<\/p>\n<p>Zweck des Vereins ist die Pflege und F\u00f6rderung des Brauchtums, der Kunst und Kultur, der Bildung und Erziehung, des Sports.<\/p>\n<h3>Der Satzungszweck soll insbesondere verwirklicht werden durch:<\/h3>\n<ul>\n<li>Pflege, Bewahrung und Wiederbelebung des l\u00e4ndlichen Brauchtums<\/li>\n<li>Pflege des Heimatbewu\u00dftseins durch \u00f6ffentlichkeitswirksame Veranstaltungen und Aktionen<\/li>\n<li>historische Forschung und F\u00fchrung einer Ortschronik<\/li>\n<li>Bewahrung und F\u00f6rderung der Heimatkunde, Denkmalpflege<\/li>\n<li>Erhaltung und F\u00f6rderung des d\u00f6rflichen Charakters des Ortes<\/li>\n<li>Einrichtung einer Ortsbegegnungsst\u00e4tte f\u00fcr alle B\u00fcrger<\/li>\n<li>Unterst\u00fctzung der kulturellen und sportlichen Selbstbet\u00e4tigung der Dorfbewohner<\/li>\n<li>Ausgestaltung kultureller Veranstaltungen als Dachverband f\u00fcr verschiedene Interessengruppen und Talente<\/li>\n<li>F\u00f6rderung und Unterst\u00fctzung von Kultur und Sport<\/li>\n<\/ul>\n<h3>Konkrete laufende Aktivit\u00e4ten:<\/h3>\n<ul>\n<li>Unterhaltung und Modernisierung B\u00fcrgerhaus in Gallen<\/li>\n<li>W\u00f6chentliches Tischtennisspielen und<\/li>\n<li>Organisation Tischtennisturniere<\/li>\n<li>Radtouren<\/li>\n<li>Durchf\u00fchrung Weihnachtsfeier und Fasching f\u00fcr die Senioren in Gallen<\/li>\n<li>Wintersportfest (in Abh\u00e4ngigkeit vom Wetter)<\/li>\n<li>Osterfeuer und Dorffest<\/li>\n<li>Vermietung B\u00fcrgerhaus<\/li>\n<\/ul>\n<\/div>\n<\/div><\/div><\/div><div id=\"pgc-154-0-1\"  class=\"panel-grid-cell\" ><div id=\"panel-154-0-1-0\" class=\"so-panel widget widget_sow-editor panel-first-child panel-last-child\" data-index=\"1\" ><div\n\t\t\t\n\t\t\tclass=\"so-widget-sow-editor so-widget-sow-editor-base\"\n\t\t\t\n\t\t>\n<div class=\"siteorigin-widget-tinymce textwidget\">\n\t<p><img decoding=\"async\" class=\"size-large wp-image-153 aligncenter\" src=\"http:\/\/www.liemehna.de\/wordpress\/wp-content\/uploads\/2016\/02\/Wappen_Gallen-817x1024.jpg\" alt=\"Wappen_Gallen\" width=\"400\" srcset=\"https:\/\/www.liemehna.de\/wordpress\/wp-content\/uploads\/2016\/02\/Wappen_Gallen-817x1024.jpg 817w, https:\/\/www.liemehna.de\/wordpress\/wp-content\/uploads\/2016\/02\/Wappen_Gallen-239x300.jpg 239w, https:\/\/www.liemehna.de\/wordpress\/wp-content\/uploads\/2016\/02\/Wappen_Gallen-768x963.jpg 768w, https:\/\/www.liemehna.de\/wordpress\/wp-content\/uploads\/2016\/02\/Wappen_Gallen.jpg 1240w\" sizes=\"(max-width: 817px) 100vw, 817px\" \/><\/p>\n<\/div>\n<\/div><\/div><\/div><\/div><\/div>","protected":false},"excerpt":{"rendered":"<p>Standort\u00a0Postanschrift\u00a0\u00a0VorstandKultur und Sportverein Gallen e.V.\u00a0\u00a0Joachim Andersch\u00a0\u00a0Joachim AnderschKospaer Str. 7b\u00a0\u00a0Im Rundling 1\u00a0\u00a0Karsten Jaretzke04838 Jesewitz OT Gallen\u00a0\u00a004838 Jesewitz OT Gallen\u00a0\u00a0Andrea Grolms\u00a0\u00a0\u00a0\u00a0\u00a0Fred GorczakGegr\u00fcndet 2005Aufgaben (Auszug aus der Satzung):Zweck des Vereins ist die Pflege und F\u00f6rderung des Brauchtums, der Kunst und Kultur, der Bildung<\/p>\n","protected":false},"author":1,"featured_media":0,"parent":23,"menu_order":0,"comment_status":"closed","ping_status":"closed","template":"","meta":{"_mc_calendar":[],"footnotes":""},"class_list":["post-154","page","type-page","status-publish","hentry"],"_links":{"self":[{"href":"https:\/\/www.liemehna.de\/wordpress\/wp-json\/wp\/v2\/pages\/154"}],"collection":[{"href":"https:\/\/www.liemehna.de\/wordpress\/wp-json\/wp\/v2\/pages"}],"about":[{"href":"https:\/\/www.liemehna.de\/wordpress\/wp-json\/wp\/v2\/types\/page"}],"author":[{"embeddable":true,"href":"https:\/\/www.liemehna.de\/wordpress\/wp-json\/wp\/v2\/users\/1"}],"replies":[{"embeddable":true,"href":"https:\/\/www.liemehna.de\/wordpress\/wp-json\/wp\/v2\/comments?post=154"}],"version-history":[{"count":6,"href":"https:\/\/www.liemehna.de\/wordpress\/wp-json\/wp\/v2\/pages\/154\/revisions"}],"predecessor-version":[{"id":161,"href":"https:\/\/www.liemehna.de\/wordpress\/wp-json\/wp\/v2\/pages\/154\/revisions\/161"}],"up":[{"embeddable":true,"href":"https:\/\/www.liemehna.de\/wordpress\/wp-json\/wp\/v2\/pages\/23"}],"wp:attachment":[{"href":"https:\/\/www.liemehna.de\/wordpress\/wp-json\/wp\/v2\/media?parent=154"}],"curies":[{"name":"wp","href":"https:\/\/api.w.org\/{rel}","templated":true}]}}